{"id":34,"date":"2026-03-01T04:39:00","date_gmt":"2026-03-01T04:39:00","guid":{"rendered":"https:\/\/turfequino.com\/?page_id=34"},"modified":"2026-03-24T22:55:43","modified_gmt":"2026-03-24T22:55:43","slug":"caballos-certificados","status":"publish","type":"page","link":"https:\/\/turfequino.com\/index.php\/caballos-certificados\/","title":{"rendered":"Caballos Certificados"},"content":{"rendered":"\t\t<div data-elementor-type=\"wp-page\" data-elementor-id=\"34\" class=\"elementor elementor-34\" data-elementor-post-type=\"page\">\n\t\t\t\t<div class=\"elementor-element elementor-element-06626e5 e-flex e-con-boxed e-con e-parent\" data-id=\"06626e5\" data-element_type=\"container\" data-e-type=\"container\">\n\t\t\t\t\t<div class=\"e-con-inner\">\n\t\t\t\t<div class=\"elementor-element elementor-element-d55b0d0 elementor-widget elementor-widget-html\" data-id=\"d55b0d0\" data-element_type=\"widget\" data-e-type=\"widget\" data-widget_type=\"html.default\">\n\t\t\t\t\t<style>\r\n\r\n.certificados-section{\r\nmax-width:1200px;\r\nmargin:0 auto 50px auto;\r\npadding:0 20px;\r\nfont-family:'Montserrat', sans-serif;\r\n}\r\n\r\n\/* HEADER *\/\r\n\r\n.certificados-header{\r\ntext-align:center;\r\nmax-width:760px;\r\nmargin:0 auto 50px auto; \/* \ud83d\udd25 REDUCIDO (antes 90px) *\/\r\nopacity:0;\r\ntransform:translateY(30px);\r\nanimation:fadeUp 1s ease forwards;\r\n}\r\n\r\n.certificados-subtitle{\r\ncolor:#B71C1C;\r\nfont-size:13px;\r\nletter-spacing:2px;\r\ntext-transform:uppercase;\r\nfont-weight:600;\r\nmargin-bottom:10px;\r\nposition:relative;\r\ndisplay:inline-block;\r\n}\r\n\r\n.certificados-subtitle::after{\r\ncontent:\"\";\r\ndisplay:block;\r\nwidth:0;\r\nheight:2px;\r\nbackground:#B71C1C;\r\nmargin:6px auto 0 auto;\r\ntransition:width .6s ease;\r\n}\r\n\r\n.certificados-header:hover .certificados-subtitle::after{\r\nwidth:100%;\r\n}\r\n\r\n.certificados-title{\r\nfont-size:40px;\r\nfont-weight:700;\r\ncolor:#111;\r\nmargin-bottom:14px; \/* \ud83d\udd25 m\u00e1s compacto *\/\r\n}\r\n\r\n.certificados-description{\r\nfont-size:16px;\r\ncolor:#555;\r\nline-height:1.7;\r\nmax-width:620px;\r\nmargin:0 auto;\r\ntext-align:center;\r\n}\r\n\r\n\r\n\/* GRID *\/\r\n\r\n.grid-caballos{\r\ndisplay:grid;\r\ngrid-template-columns:repeat(3,1fr);\r\ngap:30px;\r\nmargin-top:0; \/* \ud83d\udd25 elimina separaci\u00f3n extra *\/\r\n}\r\n\r\n.grid-bottom{\r\ndisplay:grid;\r\ngrid-template-columns:repeat(2,1fr);\r\ngap:30px;\r\nmargin-top:30px;\r\n}\r\n\r\n\r\n\/* CARD *\/\r\n\r\n.caballo-card{\r\nposition:relative;\r\nheight:340px;\r\nborder-radius:10px;\r\noverflow:hidden;\r\ncursor:pointer;\r\ndisplay:flex;\r\nalign-items:flex-end;\r\nbox-shadow:0 10px 30px rgba(0,0,0,0.08);\r\ntransition:all .5s ease;\r\n}\r\n\r\n.caballo-card::before{\r\ncontent:\"\";\r\nposition:absolute;\r\ntop:0;\r\nleft:0;\r\nwidth:100%;\r\nheight:100%;\r\nbackground:inherit;\r\nbackground-size:cover;\r\nbackground-position:center;\r\ntransition:transform 1s ease;\r\nz-index:0;\r\n}\r\n\r\n.caballo-card:hover::before{\r\ntransform:scale(1.1);\r\n}\r\n\r\n\r\n\/* OVERLAY *\/\r\n\r\n.caballo-overlay{\r\nposition:absolute;\r\ntop:0;\r\nleft:0;\r\nwidth:100%;\r\nheight:100%;\r\nbackground:linear-gradient(\r\n180deg,\r\nrgba(0,0,0,0.15) 20%,\r\nrgba(0,0,0,0.85) 100%\r\n);\r\ndisplay:flex;\r\nflex-direction:column;\r\njustify-content:flex-end;\r\npadding:30px;\r\ncolor:#fff;\r\nz-index:1;\r\ntransition:all .4s ease;\r\n}\r\n\r\n.caballo-card:hover .caballo-overlay{\r\nbackground:linear-gradient(\r\n180deg,\r\nrgba(0,0,0,0.05) 10%,\r\nrgba(0,0,0,0.9) 100%\r\n);\r\n}\r\n\r\n\r\n\/* TEXT *\/\r\n\r\n.caballo-title{\r\nfont-size:24px;\r\nfont-weight:700;\r\nmargin-bottom:10px;\r\ntransform:translateY(10px);\r\nopacity:0;\r\nanimation:fadeUp .8s ease forwards;\r\n}\r\n\r\n.caballo-text{\r\nfont-size:14px;\r\nopacity:0.9;\r\nmargin-bottom:18px;\r\nline-height:1.5;\r\ntransform:translateY(10px);\r\nopacity:0;\r\nanimation:fadeUp 1s ease forwards;\r\n}\r\n\r\n\r\n\/* BUTTON *\/\r\n\r\n.caballo-btn{\r\ndisplay:inline-block;\r\ncolor:#fff;\r\nfont-size:13px;\r\nfont-weight:600;\r\nletter-spacing:1px;\r\ntext-decoration:none;\r\nposition:relative;\r\npadding-bottom:4px;\r\n}\r\n\r\n.caballo-btn::after{\r\ncontent:\"\";\r\nposition:absolute;\r\nleft:0;\r\nbottom:0;\r\nwidth:0;\r\nheight:2px;\r\nbackground:#B71C1C;\r\ntransition:width .3s ease;\r\n}\r\n\r\n.caballo-card:hover .caballo-btn::after{\r\nwidth:100%;\r\n}\r\n\r\n\r\n\/* HOVER GENERAL *\/\r\n\r\n.caballo-card:hover{\r\ntransform:translateY(-8px);\r\nbox-shadow:0 20px 50px rgba(0,0,0,0.15);\r\n}\r\n\r\n\r\n\/* ANIMACI\u00d3N *\/\r\n\r\n@keyframes fadeUp{\r\nto{\r\nopacity:1;\r\ntransform:translateY(0);\r\n}\r\n}\r\n\r\n\r\n\/* RESPONSIVE *\/\r\n\r\n@media(max-width:900px){\r\n\r\n.grid-caballos{\r\ngrid-template-columns:1fr;\r\n}\r\n\r\n.grid-bottom{\r\ngrid-template-columns:1fr;\r\n}\r\n\r\n.certificados-title{\r\nfont-size:30px;\r\n}\r\n\r\n.caballo-card{\r\nheight:280px;\r\n}\r\n\r\n}\r\n\r\n<\/style>\r\n\r\n\r\n\r\n<section class=\"certificados-section\">\r\n\r\n\r\n<div class=\"certificados-header\">\r\n\r\n<div class=\"certificados-subtitle\">\r\nCaballos Certificados\r\n<\/div>\r\n\r\n<h2 class=\"certificados-title\">\r\nNuestros Ejemplares Disponibles\r\n<\/h2>\r\n\r\n<p class=\"certificados-description\">\r\nExplore nuestra selecci\u00f3n de caballos cuidadosamente evaluados. \r\nCada ejemplar presentado cumple con est\u00e1ndares de calidad y pedigree, \r\nofreciendo excelentes oportunidades tanto para competici\u00f3n como para reproducci\u00f3n.\r\n<\/p>\r\n\r\n<\/div>\r\n\r\n\r\n\r\n<div class=\"grid-caballos\">\r\n\r\n\r\n<a href=\"https:\/\/turfequino.com\/index.php\/potrillos\/\" class=\"caballo-card\" style=\"background-image:url('https:\/\/turfequino.com\/wp-content\/uploads\/2026\/03\/Potrillo.png');\">\r\n<div class=\"caballo-overlay\">\r\n<div class=\"caballo-title\">Potrillos<\/div>\r\n<div class=\"caballo-text\">Descubra potrillos j\u00f3venes con excelente gen\u00e9tica y gran proyecci\u00f3n deportiva.<\/div>\r\n<span class=\"caballo-btn\">Ver ejemplares<\/span>\r\n<\/div>\r\n<\/a>\r\n\r\n\r\n<a href=\"https:\/\/turfequino.com\/index.php\/destetes\/\" class=\"caballo-card\" style=\"background-image:url('https:\/\/turfequino.com\/wp-content\/uploads\/2026\/03\/Destete.png');\">\r\n<div class=\"caballo-overlay\">\r\n<div class=\"caballo-title\">Destetes<\/div>\r\n<div class=\"caballo-text\">Ejemplares en etapa temprana con gran potencial de desarrollo y crianza.<\/div>\r\n<span class=\"caballo-btn\">Ver ejemplares<\/span>\r\n<\/div>\r\n<\/a>\r\n\r\n\r\n<a href=\"https:\/\/turfequino.com\/index.php\/caballos-de-training\/\" class=\"caballo-card\" style=\"background-image:url('https:\/\/turfequino.com\/wp-content\/uploads\/2026\/03\/Training.png');\">\r\n<div class=\"caballo-overlay\">\r\n<div class=\"caballo-title\">Caballos de Training<\/div>\r\n<div class=\"caballo-text\">Caballos preparados y en proceso de entrenamiento para competici\u00f3n.<\/div>\r\n<span class=\"caballo-btn\">Ver ejemplares<\/span>\r\n<\/div>\r\n<\/a>\r\n\r\n\r\n<\/div>\r\n\r\n\r\n\r\n<div class=\"grid-bottom\">\r\n\r\n\r\n<a href=\"https:\/\/turfequino.com\/index.php\/padrillos\/\" class=\"caballo-card\" style=\"background-image:url('https:\/\/turfequino.com\/wp-content\/uploads\/2026\/03\/Padrillo.png');\">\r\n<div class=\"caballo-overlay\">\r\n<div class=\"caballo-title\">Padrillos<\/div>\r\n<div class=\"caballo-text\">Reproductores seleccionados con pedigree destacado y gen\u00e9tica comprobada.<\/div>\r\n<span class=\"caballo-btn\">Ver padrillos<\/span>\r\n<\/div>\r\n<\/a>\r\n\r\n\r\n<a href=\"https:\/\/turfequino.com\/index.php\/yeguas-madre\/\" class=\"caballo-card\" style=\"background-image:url('https:\/\/turfequino.com\/wp-content\/uploads\/2026\/03\/Yegua-Madre.png');\">\r\n<div class=\"caballo-overlay\">\r\n<div class=\"caballo-title\">Yeguas Madre<\/div>\r\n<div class=\"caballo-text\">Yeguas reproductoras con excelente historial gen\u00e9tico y reproductivo.<\/div>\r\n<span class=\"caballo-btn\">Ver yeguas<\/span>\r\n<\/div>\r\n<\/a>\r\n\r\n\r\n<\/div>\r\n\r\n\r\n<\/section>\t\t\t\t<\/div>\n\t\t\t\t\t<\/div>\n\t\t\t\t<\/div>\n\t\t\t\t<\/div>\n\t\t","protected":false},"excerpt":{"rendered":"<p>Caballos Certificados Nuestros Ejemplares Disponibles Explore nuestra selecci\u00f3n de caballos cuidadosamente evaluados. Cada ejemplar presentado cumple con est\u00e1ndares de calidad y pedigree, ofreciendo excelentes oportunidades tanto para competici\u00f3n como para reproducci\u00f3n. Potrillos Descubra potrillos j\u00f3venes con excelente gen\u00e9tica y gran proyecci\u00f3n deportiva. Ver ejemplares Destetes Ejemplares en etapa temprana con gran potencial de desarrollo y [&hellip;]<\/p>\n","protected":false},"author":1,"featured_media":0,"parent":0,"menu_order":0,"comment_status":"closed","ping_status":"closed","template":"","meta":{"footnotes":""},"class_list":["post-34","page","type-page","status-publish","hentry"],"_hostinger_reach_plugin_has_subscription_block":false,"_hostinger_reach_plugin_is_elementor":false,"_links":{"self":[{"href":"https:\/\/turfequino.com\/index.php\/wp-json\/wp\/v2\/pages\/34","targetHints":{"allow":["GET"]}}],"collection":[{"href":"https:\/\/turfequino.com\/index.php\/wp-json\/wp\/v2\/pages"}],"about":[{"href":"https:\/\/turfequino.com\/index.php\/wp-json\/wp\/v2\/types\/page"}],"author":[{"embeddable":true,"href":"https:\/\/turfequino.com\/index.php\/wp-json\/wp\/v2\/users\/1"}],"replies":[{"embeddable":true,"href":"https:\/\/turfequino.com\/index.php\/wp-json\/wp\/v2\/comments?post=34"}],"version-history":[{"count":31,"href":"https:\/\/turfequino.com\/index.php\/wp-json\/wp\/v2\/pages\/34\/revisions"}],"predecessor-version":[{"id":1063,"href":"https:\/\/turfequino.com\/index.php\/wp-json\/wp\/v2\/pages\/34\/revisions\/1063"}],"wp:attachment":[{"href":"https:\/\/turfequino.com\/index.php\/wp-json\/wp\/v2\/media?parent=34"}],"curies":[{"name":"wp","href":"https:\/\/api.w.org\/{rel}","templated":true}]}}